{"id":50,"date":"2024-11-13T21:47:08","date_gmt":"2024-11-13T21:47:08","guid":{"rendered":"https:\/\/ramaretro.se\/?page_id=50"},"modified":"2024-11-22T08:01:45","modified_gmt":"2024-11-22T08:01:45","slug":"startsida","status":"publish","type":"page","link":"https:\/\/ramaretro.se\/","title":{"rendered":"Startsida"},"content":{"rendered":"\n<div class=\"wp-block-cover alignfull has-custom-content-position is-position-center-left\" style=\"min-height:790px;aspect-ratio:unset;\"><span aria-hidden=\"true\" class=\"wp-block-cover__background has-background-dim-20 has-background-dim\" style=\"background-color:#483424\"><\/span><img loading=\"lazy\" decoding=\"async\" width=\"1920\" height=\"2560\" class=\"wp-block-cover__image-background wp-image-167\" alt=\"\" src=\"https:\/\/ramaretro.se\/wp-content\/uploads\/2024\/11\/IMG_6566-scaled.jpg\" data-object-fit=\"cover\" srcset=\"https:\/\/ramaretro.se\/wp-content\/uploads\/2024\/11\/IMG_6566-scaled.jpg 1920w, https:\/\/ramaretro.se\/wp-content\/uploads\/2024\/11\/IMG_6566-225x300.jpg 225w, https:\/\/ramaretro.se\/wp-content\/uploads\/2024\/11\/IMG_6566-768x1024.jpg 768w, https:\/\/ramaretro.se\/wp-content\/uploads\/2024\/11\/IMG_6566-2000x2667.jpg 2000w\" sizes=\"auto, (max-width: 1920px) 100vw, 1920px\" \/><div class=\"wp-block-cover__inner-container has-global-padding is-layout-constrained wp-block-cover-is-layout-constrained\">\n<p class=\"has-text-align-left has-background-color has-text-color has-link-color wp-elements-d0e0137313adec61688d9808fbaa8ef4\" style=\"font-size:clamp(33.419px, 2.089rem + ((1vw - 3.2px) * 2.769), 60px);text-transform:capitalize\">egentillverkade tavlor<\/p>\n\n\n\n<p class=\"has-text-align-left has-white-color has-text-color has-medium-font-size\">Perfekt f\u00f6r att dekorera dina v\u00e4ggar. <\/p>\n\n\n\n<div class=\"wp-block-group is-nowrap is-layout-flex wp-container-core-group-is-layout-6c531013 wp-block-group-is-layout-flex\">\n<div class=\"wp-block-buttons is-content-justification-center is-layout-flex wp-container-core-buttons-is-layout-a89b3969 wp-block-buttons-is-layout-flex\">\n<div class=\"wp-block-button is-style-outline is-style-outline--1\"><a class=\"wp-block-button__link has-white-color has-text-color has-text-align-left wp-element-button\" href=\"https:\/\/ramaretro.se\/?page_id=51\" style=\"border-radius:0px\">K\u00d6P NU<\/a><\/div>\n<\/div>\n\n\n\n<div style=\"height:55px;width:0px\" aria-hidden=\"true\" class=\"wp-block-spacer wp-container-content-0591978f\"><\/div>\n<\/div>\n<\/div><\/div>\n\n\n\n<div class=\"wp-block-group is-layout-grid wp-container-core-group-is-layout-478b6e6b wp-block-group-is-layout-grid\"><\/div>\n\n\n\n<div class=\"wp-block-group alignfull pattern_multiple_covers has-background has-global-padding is-layout-constrained wp-block-group-is-layout-constrained\" id=\"services\" style=\"background-color:#f8f8f8\">\n<h2 class=\"wp-block-heading has-text-align-left\">Produkter<\/h2>\n\n\n\n<div class=\"wp-block-columns is-layout-flex wp-container-core-columns-is-layout-28f84493 wp-block-columns-is-layout-flex\">\n<div class=\"wp-block-column is-layout-flow wp-block-column-is-layout-flow\" style=\"padding-top:0;padding-right:0;padding-bottom:0;padding-left:0\">\n<figure class=\"wp-block-image size-full\"><img loading=\"lazy\" decoding=\"async\" width=\"1080\" height=\"1620\" src=\"https:\/\/ramaretro.se\/wp-content\/uploads\/2024\/11\/IMG_6597-rotated.jpg\" alt=\"\" class=\"wp-image-245\" srcset=\"https:\/\/ramaretro.se\/wp-content\/uploads\/2024\/11\/IMG_6597-rotated.jpg 1080w, https:\/\/ramaretro.se\/wp-content\/uploads\/2024\/11\/IMG_6597-200x300.jpg 200w, https:\/\/ramaretro.se\/wp-content\/uploads\/2024\/11\/IMG_6597-683x1024.jpg 683w\" sizes=\"auto, (max-width: 1080px) 100vw, 1080px\" \/><figcaption class=\"wp-element-caption\">Reklam f\u00f6r strumpbyxor fr\u00e5n 1948.<\/figcaption><\/figure>\n\n\n\n<div class=\"wp-block-buttons is-layout-flex wp-block-buttons-is-layout-flex\">\n<div class=\"wp-block-button is-style-outline is-style-outline--2\"><a class=\"wp-block-button__link has-text-align-left wp-element-button\" href=\"https:\/\/ramaretro.se\/?page_id=51\">Visa alla<\/a><\/div>\n<\/div>\n<\/div>\n\n\n\n<div class=\"wp-block-column is-layout-flow wp-block-column-is-layout-flow\" style=\"padding-top:0;padding-right:0;padding-bottom:0;padding-left:0\">\n<figure class=\"wp-block-image size-full\"><img loading=\"lazy\" decoding=\"async\" width=\"1080\" height=\"1620\" src=\"https:\/\/ramaretro.se\/wp-content\/uploads\/2024\/11\/IMG_6599-rotated.jpg\" alt=\"\" class=\"wp-image-246\" srcset=\"https:\/\/ramaretro.se\/wp-content\/uploads\/2024\/11\/IMG_6599-rotated.jpg 1080w, https:\/\/ramaretro.se\/wp-content\/uploads\/2024\/11\/IMG_6599-200x300.jpg 200w, https:\/\/ramaretro.se\/wp-content\/uploads\/2024\/11\/IMG_6599-683x1024.jpg 683w\" sizes=\"auto, (max-width: 1080px) 100vw, 1080px\" \/><figcaption class=\"wp-element-caption\">Reklam f\u00f6r 7up fr\u00e5n 1951<\/figcaption><\/figure>\n<\/div>\n\n\n\n<div class=\"wp-block-column is-layout-flow wp-block-column-is-layout-flow\" style=\"padding-top:0;padding-right:0;padding-bottom:0;padding-left:0\">\n<figure class=\"wp-block-image size-full\"><img loading=\"lazy\" decoding=\"async\" width=\"1080\" height=\"1620\" src=\"https:\/\/ramaretro.se\/wp-content\/uploads\/2024\/11\/IMG_6601-rotated.jpg\" alt=\"\" class=\"wp-image-248\" srcset=\"https:\/\/ramaretro.se\/wp-content\/uploads\/2024\/11\/IMG_6601-rotated.jpg 1080w, https:\/\/ramaretro.se\/wp-content\/uploads\/2024\/11\/IMG_6601-200x300.jpg 200w, https:\/\/ramaretro.se\/wp-content\/uploads\/2024\/11\/IMG_6601-683x1024.jpg 683w\" sizes=\"auto, (max-width: 1080px) 100vw, 1080px\" \/><figcaption class=\"wp-element-caption\">Bilreklam f\u00f6r Oldsmobile Rocket 88, fr\u00e5n 1951<\/figcaption><\/figure>\n<\/div>\n<\/div>\n<\/div>\n\n\n\n<div class=\"wp-block-cover alignfull has-parallax is-position-center-center\" style=\"border-radius:0px;min-height:254px;aspect-ratio:unset;\"><span aria-hidden=\"true\" class=\"wp-block-cover__background has-black-background-color has-background-dim-40 has-background-dim\"><\/span><div class=\"wp-block-cover__image-background wp-image-173 has-parallax\" style=\"background-position:50% 50%;background-image:url(https:\/\/ramaretro.se\/wp-content\/uploads\/2024\/11\/IMG_6573-scaled.jpg)\"><\/div><div class=\"wp-block-cover__inner-container is-layout-flow wp-block-cover-is-layout-flow\">\n<div class=\"wp-block-group has-global-padding is-layout-constrained wp-block-group-is-layout-constrained\">\n<h3 class=\"wp-block-heading has-text-align-center has-text-color has-medium-font-size\" style=\"color:#fffffa;text-transform:uppercase\">UF-f\u00f6retag<\/h3>\n\n\n\n<div style=\"height:31px\" aria-hidden=\"true\" class=\"wp-block-spacer\"><\/div>\n\n\n\n<div class=\"wp-block-buttons is-horizontal is-content-justification-center is-layout-flex wp-container-core-buttons-is-layout-03627597 wp-block-buttons-is-layout-flex\">\n<div class=\"wp-block-button is-style-outline is-style-outline--3\"><a class=\"wp-block-button__link has-white-color has-text-color wp-element-button\" href=\"https:\/\/ramaretro.se\/?page_id=2\" style=\"border-radius:0px\">L\u00c4S MER<\/a><\/div>\n<\/div>\n<\/div>\n<\/div><\/div>\n\n\n\n<div class=\"wp-block-group alignwide has-background is-vertical is-layout-flex wp-container-core-group-is-layout-fe9cc265 wp-block-group-is-layout-flex\" style=\"background-color:#f8f8f8\"><\/div>\n\n\n\n<div id=\"team\" class=\"wp-block-group has-global-padding is-layout-constrained wp-block-group-is-layout-constrained\">\n<div class=\"wp-block-group is-layout-flow wp-block-group-is-layout-flow\">\n<h2 class=\"wp-block-heading\">F\u00f6retagare<\/h2>\n\n\n\n<div style=\"height:27px\" aria-hidden=\"true\" class=\"wp-block-spacer\"><\/div>\n\n\n\n<div style=\"height:0px\" aria-hidden=\"true\" class=\"wp-block-spacer\"><\/div>\n\n\n\n<div class=\"wp-block-columns is-layout-flex wp-container-core-columns-is-layout-28f84493 wp-block-columns-is-layout-flex\">\n<div class=\"wp-block-column is-style-default is-layout-flow wp-block-column-is-layout-flow\" style=\"border-style:none;border-width:0px;padding-top:0;padding-right:0;padding-bottom:0;padding-left:0\">\n<figure class=\"wp-block-image size-full is-resized is-style-default\"><img loading=\"lazy\" decoding=\"async\" width=\"998\" height=\"1773\" src=\"https:\/\/ramaretro.se\/wp-content\/uploads\/2024\/11\/foretagsbild-edited.jpg\" alt=\"\" class=\"wp-image-141\" style=\"width:245px;height:auto\" srcset=\"https:\/\/ramaretro.se\/wp-content\/uploads\/2024\/11\/foretagsbild-edited.jpg 998w, https:\/\/ramaretro.se\/wp-content\/uploads\/2024\/11\/foretagsbild-edited-169x300.jpg 169w, https:\/\/ramaretro.se\/wp-content\/uploads\/2024\/11\/foretagsbild-edited-576x1024.jpg 576w\" sizes=\"auto, (max-width: 998px) 100vw, 998px\" \/><\/figure>\n<\/div>\n\n\n\n<div class=\"wp-block-column is-layout-flow wp-block-column-is-layout-flow\">\n<h2 class=\"wp-block-heading\">Linn\u00e9a D. Svensson<\/h2>\n\n\n\n<p><em>UF-f\u00f6retagare<\/em><\/p>\n\n\n\n<p>Det h\u00e4r \u00e4r faktiskt mitt andra f\u00f6rs\u00f6k med detta koncept. F\u00f6r n\u00e5gra \u00e5r sen s\u00e5lde jag s\u00e5dana tavlor som dem h\u00e4r p\u00e5 Blocket.se och jag tyckte det var kul att jag faktiskt lyckades. D\u00e4rf\u00f6r g\u00f6r jag det h\u00e4r till mitt entrepren\u00f6rskapsarbete! <\/p>\n\n\n\n<p>&#8221;Rena Rama Retro!&#8221;<\/p>\n\n\n\n<ul class=\"wp-block-social-links has-icon-color is-style-logos-only is-layout-flex wp-container-core-social-links-is-layout-327fadc6 wp-block-social-links-is-layout-flex\"><li style=\"color:currentColor;\" class=\"wp-social-link wp-social-link-instagram has-primary-color wp-block-social-link\"><a href=\"https:\/\/www.instagram.com\/rama_retro\/\" class=\"wp-block-social-link-anchor\"><svg width=\"24\" height=\"24\" viewBox=\"0 0 24 24\" version=\"1.1\" xmlns=\"http:\/\/www.w3.org\/2000\/svg\" aria-hidden=\"true\" focusable=\"false\"><path d=\"M12,4.622c2.403,0,2.688,0.009,3.637,0.052c0.877,0.04,1.354,0.187,1.671,0.31c0.42,0.163,0.72,0.358,1.035,0.673 c0.315,0.315,0.51,0.615,0.673,1.035c0.123,0.317,0.27,0.794,0.31,1.671c0.043,0.949,0.052,1.234,0.052,3.637 s-0.009,2.688-0.052,3.637c-0.04,0.877-0.187,1.354-0.31,1.671c-0.163,0.42-0.358,0.72-0.673,1.035 c-0.315,0.315-0.615,0.51-1.035,0.673c-0.317,0.123-0.794,0.27-1.671,0.31c-0.949,0.043-1.233,0.052-3.637,0.052 s-2.688-0.009-3.637-0.052c-0.877-0.04-1.354-0.187-1.671-0.31c-0.42-0.163-0.72-0.358-1.035-0.673 c-0.315-0.315-0.51-0.615-0.673-1.035c-0.123-0.317-0.27-0.794-0.31-1.671C4.631,14.688,4.622,14.403,4.622,12 s0.009-2.688,0.052-3.637c0.04-0.877,0.187-1.354,0.31-1.671c0.163-0.42,0.358-0.72,0.673-1.035 c0.315-0.315,0.615-0.51,1.035-0.673c0.317-0.123,0.794-0.27,1.671-0.31C9.312,4.631,9.597,4.622,12,4.622 M12,3 C9.556,3,9.249,3.01,8.289,3.054C7.331,3.098,6.677,3.25,6.105,3.472C5.513,3.702,5.011,4.01,4.511,4.511 c-0.5,0.5-0.808,1.002-1.038,1.594C3.25,6.677,3.098,7.331,3.054,8.289C3.01,9.249,3,9.556,3,12c0,2.444,0.01,2.751,0.054,3.711 c0.044,0.958,0.196,1.612,0.418,2.185c0.23,0.592,0.538,1.094,1.038,1.594c0.5,0.5,1.002,0.808,1.594,1.038 c0.572,0.222,1.227,0.375,2.185,0.418C9.249,20.99,9.556,21,12,21s2.751-0.01,3.711-0.054c0.958-0.044,1.612-0.196,2.185-0.418 c0.592-0.23,1.094-0.538,1.594-1.038c0.5-0.5,0.808-1.002,1.038-1.594c0.222-0.572,0.375-1.227,0.418-2.185 C20.99,14.751,21,14.444,21,12s-0.01-2.751-0.054-3.711c-0.044-0.958-0.196-1.612-0.418-2.185c-0.23-0.592-0.538-1.094-1.038-1.594 c-0.5-0.5-1.002-0.808-1.594-1.038c-0.572-0.222-1.227-0.375-2.185-0.418C14.751,3.01,14.444,3,12,3L12,3z M12,7.378 c-2.552,0-4.622,2.069-4.622,4.622S9.448,16.622,12,16.622s4.622-2.069,4.622-4.622S14.552,7.378,12,7.378z M12,15 c-1.657,0-3-1.343-3-3s1.343-3,3-3s3,1.343,3,3S13.657,15,12,15z M16.804,6.116c-0.596,0-1.08,0.484-1.08,1.08 s0.484,1.08,1.08,1.08c0.596,0,1.08-0.484,1.08-1.08S17.401,6.116,16.804,6.116z\"><\/path><\/svg><span class=\"wp-block-social-link-label screen-reader-text\">Instagram<\/span><\/a><\/li><\/ul>\n<\/div>\n\n\n\n<div class=\"wp-block-column is-layout-flow wp-block-column-is-layout-flow\"><\/div>\n<\/div>\n<\/div>\n<\/div>\n\n\n\n<div id=\"news\" class=\"wp-block-group has-global-padding is-layout-constrained wp-block-group-is-layout-constrained\"><\/div>\n\n\n\n<p><\/p>\n","protected":false},"excerpt":{"rendered":"<p>Produkter F\u00f6retagare Linn\u00e9a D. Svensson UF-f\u00f6retagare Det h\u00e4r \u00e4r faktiskt mitt andra f\u00f6rs\u00f6k med detta koncept. F\u00f6r n\u00e5gra \u00e5r sen s\u00e5lde jag s\u00e5dana tavlor som dem h\u00e4r p\u00e5 Blocket.se och jag tyckte det var kul att jag faktiskt lyckades. D\u00e4rf\u00f6r g\u00f6r jag det h\u00e4r till mitt entrepren\u00f6rskapsarbete! &#8221;Rena Rama Retro!&#8221;<\/p>\n","protected":false},"author":1,"featured_media":0,"parent":0,"menu_order":0,"comment_status":"closed","ping_status":"closed","template":"page-templates\/homepage-no-hero.php","meta":{"footnotes":""},"class_list":["post-50","page","type-page","status-publish","hentry"],"yoast_head":"<!-- This site is optimized with the Yoast SEO plugin v23.9 - https:\/\/yoast.com\/wordpress\/plugins\/seo\/ -->\n<title>Startsida - Rama retro<\/title>\n<meta name=\"robots\" content=\"index, follow, max-snippet:-1, max-image-preview:large, max-video-preview:-1\" \/>\n<link rel=\"canonical\" href=\"https:\/\/ramaretro.se\/\" \/>\n<meta property=\"og:locale\" content=\"sv_SE\" \/>\n<meta property=\"og:type\" content=\"article\" \/>\n<meta property=\"og:title\" content=\"Startsida - Rama retro\" \/>\n<meta property=\"og:description\" content=\"Produkter F\u00f6retagare Linn\u00e9a D. Svensson UF-f\u00f6retagare Det h\u00e4r \u00e4r faktiskt mitt andra f\u00f6rs\u00f6k med detta koncept. F\u00f6r n\u00e5gra \u00e5r sen s\u00e5lde jag s\u00e5dana tavlor som dem h\u00e4r p\u00e5 Blocket.se och jag tyckte det var kul att jag faktiskt lyckades. D\u00e4rf\u00f6r g\u00f6r jag det h\u00e4r till mitt entrepren\u00f6rskapsarbete! &#8221;Rena Rama Retro!&#8221;\" \/>\n<meta property=\"og:url\" content=\"https:\/\/ramaretro.se\/\" \/>\n<meta property=\"og:site_name\" content=\"Rama retro\" \/>\n<meta property=\"article:modified_time\" content=\"2024-11-22T08:01:45+00:00\" \/>\n<meta name=\"twitter:card\" content=\"summary_large_image\" \/>\n<meta name=\"twitter:label1\" content=\"Ber\u00e4knad l\u00e4stid\" \/>\n\t<meta name=\"twitter:data1\" content=\"2 minuter\" \/>\n<script type=\"application\/ld+json\" class=\"yoast-schema-graph\">{\"@context\":\"https:\/\/schema.org\",\"@graph\":[{\"@type\":\"WebPage\",\"@id\":\"https:\/\/ramaretro.se\/\",\"url\":\"https:\/\/ramaretro.se\/\",\"name\":\"Startsida - Rama retro\",\"isPartOf\":{\"@id\":\"https:\/\/ramaretro.se\/#website\"},\"primaryImageOfPage\":{\"@id\":\"https:\/\/ramaretro.se\/#primaryimage\"},\"image\":{\"@id\":\"https:\/\/ramaretro.se\/#primaryimage\"},\"thumbnailUrl\":\"https:\/\/ramaretro.se\/wp-content\/uploads\/2024\/11\/IMG_6566-scaled.jpg\",\"datePublished\":\"2024-11-13T21:47:08+00:00\",\"dateModified\":\"2024-11-22T08:01:45+00:00\",\"breadcrumb\":{\"@id\":\"https:\/\/ramaretro.se\/#breadcrumb\"},\"inLanguage\":\"sv-SE\",\"potentialAction\":[{\"@type\":\"ReadAction\",\"target\":[\"https:\/\/ramaretro.se\/\"]}]},{\"@type\":\"ImageObject\",\"inLanguage\":\"sv-SE\",\"@id\":\"https:\/\/ramaretro.se\/#primaryimage\",\"url\":\"https:\/\/ramaretro.se\/wp-content\/uploads\/2024\/11\/IMG_6566-scaled.jpg\",\"contentUrl\":\"https:\/\/ramaretro.se\/wp-content\/uploads\/2024\/11\/IMG_6566-scaled.jpg\",\"width\":1920,\"height\":2560},{\"@type\":\"BreadcrumbList\",\"@id\":\"https:\/\/ramaretro.se\/#breadcrumb\",\"itemListElement\":[{\"@type\":\"ListItem\",\"position\":1,\"name\":\"Hem\",\"item\":\"https:\/\/ramaretro.se\/\"},{\"@type\":\"ListItem\",\"position\":2,\"name\":\"Startsida\"}]},{\"@type\":\"WebSite\",\"@id\":\"https:\/\/ramaretro.se\/#website\",\"url\":\"https:\/\/ramaretro.se\/\",\"name\":\"Rama retro\",\"description\":\"\",\"potentialAction\":[{\"@type\":\"SearchAction\",\"target\":{\"@type\":\"EntryPoint\",\"urlTemplate\":\"https:\/\/ramaretro.se\/?s={search_term_string}\"},\"query-input\":{\"@type\":\"PropertyValueSpecification\",\"valueRequired\":true,\"valueName\":\"search_term_string\"}}],\"inLanguage\":\"sv-SE\"}]}<\/script>\n<!-- \/ Yoast SEO plugin. -->","yoast_head_json":{"title":"Startsida - Rama retro","robots":{"index":"index","follow":"follow","max-snippet":"max-snippet:-1","max-image-preview":"max-image-preview:large","max-video-preview":"max-video-preview:-1"},"canonical":"https:\/\/ramaretro.se\/","og_locale":"sv_SE","og_type":"article","og_title":"Startsida - Rama retro","og_description":"Produkter F\u00f6retagare Linn\u00e9a D. Svensson UF-f\u00f6retagare Det h\u00e4r \u00e4r faktiskt mitt andra f\u00f6rs\u00f6k med detta koncept. F\u00f6r n\u00e5gra \u00e5r sen s\u00e5lde jag s\u00e5dana tavlor som dem h\u00e4r p\u00e5 Blocket.se och jag tyckte det var kul att jag faktiskt lyckades. D\u00e4rf\u00f6r g\u00f6r jag det h\u00e4r till mitt entrepren\u00f6rskapsarbete! &#8221;Rena Rama Retro!&#8221;","og_url":"https:\/\/ramaretro.se\/","og_site_name":"Rama retro","article_modified_time":"2024-11-22T08:01:45+00:00","twitter_card":"summary_large_image","twitter_misc":{"Ber\u00e4knad l\u00e4stid":"2 minuter"},"schema":{"@context":"https:\/\/schema.org","@graph":[{"@type":"WebPage","@id":"https:\/\/ramaretro.se\/","url":"https:\/\/ramaretro.se\/","name":"Startsida - Rama retro","isPartOf":{"@id":"https:\/\/ramaretro.se\/#website"},"primaryImageOfPage":{"@id":"https:\/\/ramaretro.se\/#primaryimage"},"image":{"@id":"https:\/\/ramaretro.se\/#primaryimage"},"thumbnailUrl":"https:\/\/ramaretro.se\/wp-content\/uploads\/2024\/11\/IMG_6566-scaled.jpg","datePublished":"2024-11-13T21:47:08+00:00","dateModified":"2024-11-22T08:01:45+00:00","breadcrumb":{"@id":"https:\/\/ramaretro.se\/#breadcrumb"},"inLanguage":"sv-SE","potentialAction":[{"@type":"ReadAction","target":["https:\/\/ramaretro.se\/"]}]},{"@type":"ImageObject","inLanguage":"sv-SE","@id":"https:\/\/ramaretro.se\/#primaryimage","url":"https:\/\/ramaretro.se\/wp-content\/uploads\/2024\/11\/IMG_6566-scaled.jpg","contentUrl":"https:\/\/ramaretro.se\/wp-content\/uploads\/2024\/11\/IMG_6566-scaled.jpg","width":1920,"height":2560},{"@type":"BreadcrumbList","@id":"https:\/\/ramaretro.se\/#breadcrumb","itemListElement":[{"@type":"ListItem","position":1,"name":"Hem","item":"https:\/\/ramaretro.se\/"},{"@type":"ListItem","position":2,"name":"Startsida"}]},{"@type":"WebSite","@id":"https:\/\/ramaretro.se\/#website","url":"https:\/\/ramaretro.se\/","name":"Rama retro","description":"","potentialAction":[{"@type":"SearchAction","target":{"@type":"EntryPoint","urlTemplate":"https:\/\/ramaretro.se\/?s={search_term_string}"},"query-input":{"@type":"PropertyValueSpecification","valueRequired":true,"valueName":"search_term_string"}}],"inLanguage":"sv-SE"}]}},"_links":{"self":[{"href":"https:\/\/ramaretro.se\/index.php?rest_route=\/wp\/v2\/pages\/50","targetHints":{"allow":["GET"]}}],"collection":[{"href":"https:\/\/ramaretro.se\/index.php?rest_route=\/wp\/v2\/pages"}],"about":[{"href":"https:\/\/ramaretro.se\/index.php?rest_route=\/wp\/v2\/types\/page"}],"author":[{"embeddable":true,"href":"https:\/\/ramaretro.se\/index.php?rest_route=\/wp\/v2\/users\/1"}],"replies":[{"embeddable":true,"href":"https:\/\/ramaretro.se\/index.php?rest_route=%2Fwp%2Fv2%2Fcomments&post=50"}],"version-history":[{"count":39,"href":"https:\/\/ramaretro.se\/index.php?rest_route=\/wp\/v2\/pages\/50\/revisions"}],"predecessor-version":[{"id":251,"href":"https:\/\/ramaretro.se\/index.php?rest_route=\/wp\/v2\/pages\/50\/revisions\/251"}],"wp:attachment":[{"href":"https:\/\/ramaretro.se\/index.php?rest_route=%2Fwp%2Fv2%2Fmedia&parent=50"}],"curies":[{"name":"wp","href":"https:\/\/api.w.org\/{rel}","templated":true}]}}